{"id":493,"date":"2025-08-27T14:29:45","date_gmt":"2025-08-27T14:29:45","guid":{"rendered":"https:\/\/keypenk.bootests.com\/iletisim\/"},"modified":"2026-03-09T13:27:37","modified_gmt":"2026-03-09T13:27:37","slug":"contact","status":"publish","type":"page","link":"https:\/\/keypenk.bootests.com\/fr\/contact\/","title":{"rendered":"Contact"},"content":{"rendered":"    <section class=\"acfiletisim\">\n        \n    <div class=\"tasarlab-form-content-ik\">\n      \n    <div class=\"form-iletisim wow animate__fadeInUp\" data-wow-duration=\"0.6s\" data-wow-delay=\"0.4s\">\n        \n<div class=\"wpcf7 no-js\" id=\"wpcf7-f2087-o1\" lang=\"fr-FR\" dir=\"ltr\" data-wpcf7-id=\"2087\">\n<div class=\"screen-reader-response\"><p role=\"status\" aria-live=\"polite\" aria-atomic=\"true\"><\/p> <ul><\/ul><\/div>\n<form action=\"\/fr\/wp-json\/wp\/v2\/pages\/493#wpcf7-f2087-o1\" method=\"post\" class=\"wpcf7-form init\" aria-label=\"Formulaire de contact\" novalidate=\"novalidate\" data-status=\"init\">\n<fieldset class=\"hidden-fields-container\"><input type=\"hidden\" name=\"_wpcf7\" value=\"2087\" \/><input type=\"hidden\" name=\"_wpcf7_version\" value=\"6.1.1\" \/><input type=\"hidden\" name=\"_wpcf7_locale\" value=\"fr_FR\" \/><input type=\"hidden\" name=\"_wpcf7_unit_tag\" value=\"wpcf7-f2087-o1\" \/><input type=\"hidden\" name=\"_wpcf7_container_post\" value=\"0\" \/><input type=\"hidden\" name=\"_wpcf7_posted_data_hash\" value=\"\" \/>\n<\/fieldset>\n<div class=\"form-bg\">\n <!-- Form fields with gray background -->\n\t<div class=\"form-col\">\n\t\t<p><label>Pr\u00e9nom<\/label><span class=\"wpcf7-form-control-wrap\" data-name=\"your-name\"><input size=\"40\" maxlength=\"400\" class=\"wpcf7-form-control wpcf7-text wpcf7-validates-as-required\" aria-required=\"true\" aria-invalid=\"false\" value=\"\" type=\"text\" name=\"your-name\" \/><\/span>\n\t\t<\/p>\n\t<\/div>\n\t<div class=\"form-col\">\n\t\t<p><label>Nom<\/label><span class=\"wpcf7-form-control-wrap\" data-name=\"soyadiniz\"><input size=\"40\" maxlength=\"400\" class=\"wpcf7-form-control wpcf7-text wpcf7-validates-as-required\" aria-required=\"true\" aria-invalid=\"false\" value=\"\" type=\"text\" name=\"soyadiniz\" \/><\/span>\n\t\t<\/p>\n\t<\/div>\n\t<div class=\"form-col\">\n\t\t<p><label>E-Mail<\/label><span class=\"wpcf7-form-control-wrap\" data-name=\"your-email\"><input size=\"40\" maxlength=\"400\" class=\"wpcf7-form-control wpcf7-email wpcf7-validates-as-required wpcf7-text wpcf7-validates-as-email\" aria-required=\"true\" aria-invalid=\"false\" value=\"\" type=\"email\" name=\"your-email\" \/><\/span>\n\t\t<\/p>\n\t<\/div>\n\t<div class=\"form-col\">\n\t\t<p><label>T\u00e9l\u00e9phone<\/label><span class=\"wpcf7-form-control-wrap\" data-name=\"tel-122\"><input size=\"40\" maxlength=\"400\" class=\"wpcf7-form-control wpcf7-tel wpcf7-text wpcf7-validates-as-tel\" aria-invalid=\"false\" value=\"\" type=\"tel\" name=\"tel-122\" \/><\/span>\n\t\t<\/p>\n\t<\/div>\n\t<p><label>Mesaj\u0131n\u0131z <\/label><span class=\"wpcf7-form-control-wrap\" data-name=\"your-message\"><textarea cols=\"40\" rows=\"2\" maxlength=\"2000\" class=\"wpcf7-form-control wpcf7-textarea\" aria-invalid=\"false\" name=\"your-message\"><\/textarea><\/span>\n\t<\/p>\n<\/div>\n<div class=\"form-bottom\">\n\t<div class=\"acceptance-col\">\n\t\t<p><span class=\"wpcf7-form-control-wrap\" data-name=\"your-consent\"><span class=\"wpcf7-form-control wpcf7-acceptance\"><span class=\"wpcf7-list-item\"><label><input type=\"checkbox\" name=\"your-consent\" value=\"1\" aria-invalid=\"false\" \/><span class=\"wpcf7-list-item-label\">J&rsquo;ai lu et j&rsquo;accepte la <a href=\"#\" target=\"_blank\">Politique de Confidentialit\u00e9<\/a>.<\/span><\/label><\/span><\/span><\/span>\n\t\t<\/p>\n\t<\/div>\n\t<div class=\"submit-col\">\n\t\t<p><input class=\"wpcf7-form-control wpcf7-submit has-spinner\" type=\"submit\" value=\"Envoyer\" \/>\n\t\t<\/p>\n\t<\/div>\n<\/div><div class=\"wpcf7-response-output\" aria-hidden=\"true\"><\/div>\n<\/form>\n<\/div>\n    <\/div>    \n    <div class=\"form-iletisim-info wow animate__fadeInUp\" data-wow-duration=\"0.6s\" data-wow-delay=\"0.6s\">\n    \n        <div class=\"genel-list-sirketler wow animate__fadeInUp\" data-wow-duration=\"0.6s\" data-wow-delay=\"0.8s\">\n            <div class=\"description-info\">\n                \n                <a href=\"tel:Ba\u011flar Mah. Yal\u00e7\u0131n Kore\u015f Cad. No: 6\/B 34209 G\u00fcne\u015fli \u2013 \u0130stanbul \u2013 T\u00fcrkiye\" class=\"wow animate__fadeInUp\" data-wow-delay=\"0.9s\"><img decoding=\"async\" src=\"\/wp-content\/uploads\/location-icon.png\" alt=\"adres\" class=\"iletisim-icon\" \/>Ba\u011flar Mah. Yal\u00e7\u0131n Kore\u015f Cad. No: 6\/B 34209 G\u00fcne\u015fli \u2013 \u0130stanbul \u2013 T\u00fcrkiye<\/a>\n                <div class=\"iletisim-tel wow animate__fadeInUp\" data-wow-delay=\"1s\">\n                    <img decoding=\"async\" src=\"\/wp-content\/uploads\/phone-icon-2.png\" alt=\"Telefon\" class=\"iletisim-icon\" \/>\n                    <a href=\"tel:+908502152121\">+90 (850) 215 21 21<\/a>\n                    <span> | <\/span>\n                     <a href=\"tel:4441435\">444 1 435<\/a>\n                <\/div>\n                <div class=\"iletisim-mail wow animate__fadeInUp\" data-wow-delay=\"1.1s\">\n                    <img decoding=\"async\" src=\"\/wp-content\/uploads\/mail-icon-1.png\" alt=\"Mail\" class=\"iletisim-icon\" \/>\n                    <a href=\"mailto:sales@keypenk.com\">sales@keypenk.com<\/a>\n                <\/div>\n            <\/div>\n        <\/div>\n            <\/div>\n<\/div>\n    \n<\/section>","protected":false},"excerpt":{"rendered":"","protected":false},"author":3,"featured_media":0,"parent":0,"menu_order":0,"comment_status":"closed","ping_status":"closed","template":"iletisim.php","meta":{"_acf_changed":false,"footnotes":""},"class_list":["post-493","page","type-page","status-publish","hentry"],"acf":[],"yoast_head":"<!-- This site is optimized with the Yoast SEO plugin v27.1.1 - https:\/\/yoast.com\/product\/yoast-seo-wordpress\/ -->\n<title>Contact - Keypenk<\/title>\n<meta name=\"description\" content=\"Contactez Keypenk pour obtenir des informations sur les rideaux m\u00e9talliques, portes industrielles et syst\u00e8mes de s\u00e9curit\u00e9 ou demander un devis.\" \/>\n<meta name=\"robots\" content=\"noindex, follow, max-snippet:-1, max-image-preview:large, max-video-preview:-1\" \/>\n<meta property=\"og:locale\" content=\"fr_FR\" \/>\n<meta property=\"og:type\" content=\"article\" \/>\n<meta property=\"og:title\" content=\"Contact - Keypenk\" \/>\n<meta property=\"og:description\" content=\"Contactez Keypenk pour obtenir des informations sur les rideaux m\u00e9talliques, portes industrielles et syst\u00e8mes de s\u00e9curit\u00e9 ou demander un devis.\" \/>\n<meta property=\"og:url\" content=\"https:\/\/keypenk.bootests.com\/fr\/contact\/\" \/>\n<meta property=\"og:site_name\" content=\"Keypenk\" \/>\n<meta property=\"article:modified_time\" content=\"2026-03-09T13:27:37+00:00\" \/>\n<meta name=\"twitter:card\" content=\"summary_large_image\" \/>\n<script type=\"application\/ld+json\" class=\"yoast-schema-graph\">{\"@context\":\"https:\/\/schema.org\",\"@graph\":[{\"@type\":\"WebPage\",\"@id\":\"https:\/\/keypenk.bootests.com\/fr\/contact\/\",\"url\":\"https:\/\/keypenk.bootests.com\/fr\/contact\/\",\"name\":\"Contact - Keypenk\",\"isPartOf\":{\"@id\":\"https:\/\/keypenk.bootests.com\/fr\/#website\"},\"datePublished\":\"2025-08-27T14:29:45+00:00\",\"dateModified\":\"2026-03-09T13:27:37+00:00\",\"description\":\"Contactez Keypenk pour obtenir des informations sur les rideaux m\u00e9talliques, portes industrielles et syst\u00e8mes de s\u00e9curit\u00e9 ou demander un devis.\",\"breadcrumb\":{\"@id\":\"https:\/\/keypenk.bootests.com\/fr\/contact\/#breadcrumb\"},\"inLanguage\":\"fr-FR\",\"potentialAction\":[{\"@type\":\"ReadAction\",\"target\":[\"https:\/\/keypenk.bootests.com\/fr\/contact\/\"]}]},{\"@type\":\"BreadcrumbList\",\"@id\":\"https:\/\/keypenk.bootests.com\/fr\/contact\/#breadcrumb\",\"itemListElement\":[{\"@type\":\"ListItem\",\"position\":1,\"name\":\"Anasayfa\",\"item\":\"https:\/\/keypenk.bootests.com\/fr\/\"},{\"@type\":\"ListItem\",\"position\":2,\"name\":\"Contact\"}]},{\"@type\":\"WebSite\",\"@id\":\"https:\/\/keypenk.bootests.com\/fr\/#website\",\"url\":\"https:\/\/keypenk.bootests.com\/fr\/\",\"name\":\"Keypenk\",\"description\":\"Otomatik Kap\u0131 Kepenk Sistemleri\",\"potentialAction\":[{\"@type\":\"SearchAction\",\"target\":{\"@type\":\"EntryPoint\",\"urlTemplate\":\"https:\/\/keypenk.bootests.com\/fr\/?s={search_term_string}\"},\"query-input\":{\"@type\":\"PropertyValueSpecification\",\"valueRequired\":true,\"valueName\":\"search_term_string\"}}],\"inLanguage\":\"fr-FR\"}]}<\/script>\n<!-- \/ Yoast SEO plugin. -->","yoast_head_json":{"title":"Contact - Keypenk","description":"Contactez Keypenk pour obtenir des informations sur les rideaux m\u00e9talliques, portes industrielles et syst\u00e8mes de s\u00e9curit\u00e9 ou demander un devis.","robots":{"index":"noindex","follow":"follow","max-snippet":"max-snippet:-1","max-image-preview":"max-image-preview:large","max-video-preview":"max-video-preview:-1"},"og_locale":"fr_FR","og_type":"article","og_title":"Contact - Keypenk","og_description":"Contactez Keypenk pour obtenir des informations sur les rideaux m\u00e9talliques, portes industrielles et syst\u00e8mes de s\u00e9curit\u00e9 ou demander un devis.","og_url":"https:\/\/keypenk.bootests.com\/fr\/contact\/","og_site_name":"Keypenk","article_modified_time":"2026-03-09T13:27:37+00:00","twitter_card":"summary_large_image","schema":{"@context":"https:\/\/schema.org","@graph":[{"@type":"WebPage","@id":"https:\/\/keypenk.bootests.com\/fr\/contact\/","url":"https:\/\/keypenk.bootests.com\/fr\/contact\/","name":"Contact - Keypenk","isPartOf":{"@id":"https:\/\/keypenk.bootests.com\/fr\/#website"},"datePublished":"2025-08-27T14:29:45+00:00","dateModified":"2026-03-09T13:27:37+00:00","description":"Contactez Keypenk pour obtenir des informations sur les rideaux m\u00e9talliques, portes industrielles et syst\u00e8mes de s\u00e9curit\u00e9 ou demander un devis.","breadcrumb":{"@id":"https:\/\/keypenk.bootests.com\/fr\/contact\/#breadcrumb"},"inLanguage":"fr-FR","potentialAction":[{"@type":"ReadAction","target":["https:\/\/keypenk.bootests.com\/fr\/contact\/"]}]},{"@type":"BreadcrumbList","@id":"https:\/\/keypenk.bootests.com\/fr\/contact\/#breadcrumb","itemListElement":[{"@type":"ListItem","position":1,"name":"Anasayfa","item":"https:\/\/keypenk.bootests.com\/fr\/"},{"@type":"ListItem","position":2,"name":"Contact"}]},{"@type":"WebSite","@id":"https:\/\/keypenk.bootests.com\/fr\/#website","url":"https:\/\/keypenk.bootests.com\/fr\/","name":"Keypenk","description":"Otomatik Kap\u0131 Kepenk Sistemleri","potentialAction":[{"@type":"SearchAction","target":{"@type":"EntryPoint","urlTemplate":"https:\/\/keypenk.bootests.com\/fr\/?s={search_term_string}"},"query-input":{"@type":"PropertyValueSpecification","valueRequired":true,"valueName":"search_term_string"}}],"inLanguage":"fr-FR"}]}},"_links":{"self":[{"href":"https:\/\/keypenk.bootests.com\/fr\/wp-json\/wp\/v2\/pages\/493","targetHints":{"allow":["GET"]}}],"collection":[{"href":"https:\/\/keypenk.bootests.com\/fr\/wp-json\/wp\/v2\/pages"}],"about":[{"href":"https:\/\/keypenk.bootests.com\/fr\/wp-json\/wp\/v2\/types\/page"}],"author":[{"embeddable":true,"href":"https:\/\/keypenk.bootests.com\/fr\/wp-json\/wp\/v2\/users\/3"}],"replies":[{"embeddable":true,"href":"https:\/\/keypenk.bootests.com\/fr\/wp-json\/wp\/v2\/comments?post=493"}],"version-history":[{"count":6,"href":"https:\/\/keypenk.bootests.com\/fr\/wp-json\/wp\/v2\/pages\/493\/revisions"}],"predecessor-version":[{"id":2102,"href":"https:\/\/keypenk.bootests.com\/fr\/wp-json\/wp\/v2\/pages\/493\/revisions\/2102"}],"wp:attachment":[{"href":"https:\/\/keypenk.bootests.com\/fr\/wp-json\/wp\/v2\/media?parent=493"}],"curies":[{"name":"wp","href":"https:\/\/api.w.org\/{rel}","templated":true}]}}