{"id":489,"date":"2025-09-01T09:27:03","date_gmt":"2025-09-01T09:27:03","guid":{"rendered":"https:\/\/keypenk.bootests.com\/hakkimizda\/"},"modified":"2026-03-11T08:24:17","modified_gmt":"2026-03-11T08:24:17","slug":"a-propos","status":"publish","type":"page","link":"https:\/\/keypenk.bootests.com\/fr\/a-propos\/","title":{"rendered":"\u00c0 propos"},"content":{"rendered":"\n\n<section class=\"acfhakkimizda\">\n    <div class=\"container\">\n    <div class=\"section-header  d-lg-flex\">\n    <div class=\"tasarlab-hakkimizda-image\">\n          <div class=\"diger-hakkimizda-grid wow animate__fadeInUp\" data-wow-delay=\"0.2s\">\n                              <img decoding=\"async\" src=\"https:\/\/keypenk.bootests.com\/wp-content\/uploads\/swing-gates-image-1.webp\" alt=\"\">\n                       <\/div>\n        <\/div>\n            <div class=\"section-header-content wow animate__fadeInUp\" data-wow-delay=\"0.2s\">\n               <p>Keypenk est l\u2019un des principaux fabricants de syst\u00e8mes de rideaux m\u00e9talliques motoris\u00e9s en Turquie.<\/p>\n<p>En 1993, l\u2019entreprise a commenc\u00e9 \u00e0 produire des rideaux m\u00e9talliques automatiques en acier galvanis\u00e9 pour le march\u00e9 turc. Depuis sa cr\u00e9ation, elle s\u2019est concentr\u00e9e sur l\u2019am\u00e9lioration continue de la qualit\u00e9 et de la diversit\u00e9 de ses produits gr\u00e2ce \u00e0 un syst\u00e8me de production moderne et innovant.<\/p>\n<p>Avec l\u2019\u00e9volution des processus industriels, l\u2019entreprise s\u2019est distingu\u00e9e par ses d\u00e9lais de production rapides et la haute qualit\u00e9 de ses produits. Keypenk fabrique aussi bien des produits pr\u00eats \u00e0 \u00eatre install\u00e9s que des composants non assembl\u00e9s. Aujourd\u2019hui, l\u2019entreprise op\u00e8re dans une installation de 2 800 m\u00b2 situ\u00e9e \u00e0 Istanbul, en Turquie.<\/p>\n            <\/div>\n          \n        <\/div>\n      \n    <\/div>\n<\/section>\n\n\n<section class=\"acf-card-section\">\n    <div class=\"container\">\n        <div class=\"cards-grid\" >\n                                                <div class=\"card-item wow animate__fadeInUp\" data-wow-delay=\"0.4s\">\n                        <div class=\"card-header\">\n                                                            <div class=\"card-icon\">\n                                    <img decoding=\"async\" src=\"https:\/\/keypenk.bootests.com\/wp-content\/uploads\/excellence-icon.svg\" alt=\"\">\n                                <\/div>\n                                                        \n                                                            <h3 class=\"card-title\">Excellence<\/h3>\n                                                    <\/div>\n                        \n                                                    <p class=\"card-description\">Nous fabriquons des produits de haute qualit\u00e9 et proposons des solutions fiables pour garantir performance et satisfaction client.<\/p>\n                                            <\/div>\n                                    <div class=\"card-item wow animate__fadeInUp\" data-wow-delay=\"0.6s\">\n                        <div class=\"card-header\">\n                                                            <div class=\"card-icon\">\n                                    <img decoding=\"async\" src=\"https:\/\/keypenk.bootests.com\/wp-content\/uploads\/safety-icon.svg\" alt=\"\">\n                                <\/div>\n                                                        \n                                                            <h3 class=\"card-title\">S\u00e9curit\u00e9<\/h3>\n                                                    <\/div>\n                        \n                                                    <p class=\"card-description\">La s\u00e9curit\u00e9 est au c\u0153ur de nos produits et syst\u00e8mes afin de garantir une utilisation fiable et la protection des utilisateurs.<\/p>\n                                            <\/div>\n                                    <div class=\"card-item wow animate__fadeInUp\" data-wow-delay=\"0.8s\">\n                        <div class=\"card-header\">\n                                                            <div class=\"card-icon\">\n                                    <img decoding=\"async\" src=\"https:\/\/keypenk.bootests.com\/wp-content\/uploads\/solution-icon.svg\" alt=\"\">\n                                <\/div>\n                                                        \n                                                            <h3 class=\"card-title\">Faire Partie de la Solution<\/h3>\n                                                    <\/div>\n                        \n                                                    <p class=\"card-description\">Nous analysons les besoins de chaque projet afin de proposer des solutions efficaces qui soutiennent la r\u00e9ussite de nos partenaires.<\/p>\n                                            <\/div>\n                                    <div class=\"card-item wow animate__fadeInUp\" data-wow-delay=\"1s\">\n                        <div class=\"card-header\">\n                                                            <div class=\"card-icon\">\n                                    <img decoding=\"async\" src=\"https:\/\/keypenk.bootests.com\/wp-content\/uploads\/teamwork-icon.svg\" alt=\"\">\n                                <\/div>\n                                                        \n                                                            <h3 class=\"card-title\">Travail d\u2019\u00e9quipe<\/h3>\n                                                    <\/div>\n                        \n                                                    <p class=\"card-description\">Le travail d\u2019\u00e9quipe nous permet de r\u00e9unir nos comp\u00e9tences pour am\u00e9liorer l\u2019efficacit\u00e9 et r\u00e9ussir chaque projet.<\/p>\n                                            <\/div>\n                                    <div class=\"card-item wow animate__fadeInUp\" data-wow-delay=\"1.2s\">\n                        <div class=\"card-header\">\n                                                            <div class=\"card-icon\">\n                                    <img decoding=\"async\" src=\"https:\/\/keypenk.bootests.com\/wp-content\/uploads\/honesty-icon.svg\" alt=\"\">\n                                <\/div>\n                                                        \n                                                            <h3 class=\"card-title\">Honn\u00eatet\u00e9<\/h3>\n                                                    <\/div>\n                        \n                                                    <p class=\"card-description\">L\u2019honn\u00eatet\u00e9 et la transparence sont essentielles pour construire des relations de confiance durables avec nos partenaires.<\/p>\n                                            <\/div>\n                                    <div class=\"card-item wow animate__fadeInUp\" data-wow-delay=\"1.4s\">\n                        <div class=\"card-header\">\n                                                            <div class=\"card-icon\">\n                                    <img decoding=\"async\" src=\"https:\/\/keypenk.bootests.com\/wp-content\/uploads\/customer-partnership-icon.svg\" alt=\"\">\n                                <\/div>\n                                                        \n                                                            <h3 class=\"card-title\">Partenariat Client<\/h3>\n                                                    <\/div>\n                        \n                                                    <p class=\"card-description\">Nous d\u00e9veloppons des partenariats solides avec nos clients en les accompagnant \u00e0 chaque \u00e9tape de leurs projets.<\/p>\n                                            <\/div>\n                                    <\/div>\n    <\/div>\n<\/section>\n\n\r\n<section class=\"acf-fqa-section\">\r\n    <div class=\"container\">\r\n        <div class=\"section-header\" >\r\n            <div class=\"section-header-content\">\r\n                <h2 class=\"section-title-fqa wow animate__fadeInUp\" data-wow-delay=\"0.2s\">Questions Fr\u00e9quemment Pos\u00e9es<\/h2>\r\n            <\/div>\r\n        <\/div>\r\n        <div class=\"fqa-accordion\" >\r\n                                                <div class=\"fqa-item active wow animate__fadeInUp\" data-wow-delay=\"0.6s\">\r\n                        <div class=\"fqa-header\" onclick=\"toggleFQA(this)\">\r\n                                                            <h3 class=\"fqa-title\">Je ne sais pas quel produit choisir dans votre gamme. Comment pouvez-vous m\u2019aider ?<\/h3>\r\n                                                        \r\n                            <div class=\"fqa-toggle\">\r\n                                <img decoding=\"async\" src=\"\/wp-content\/uploads\/negative-icon-1.svg\" alt=\"Close\" class=\"fqa-close-icon\">\r\n                                <img decoding=\"async\" src=\"\/wp-content\/uploads\/plus-icon-3.svg\" alt=\"Open\" class=\"fqa-open-icon\">\r\n                            <\/div>\r\n                        <\/div>\r\n                        \r\n                        <div class=\"fqa-content\">\r\n                                                            <div class=\"fqa-description\"><p>Nos architectes internes et notre \u00e9quipe technique commerciale exp\u00e9riment\u00e9e connaissent parfaitement les caract\u00e9ristiques de portes privil\u00e9gi\u00e9es par diff\u00e9rents clients, telles que l\u2019usage, l\u2019esth\u00e9tique, le niveau de s\u00e9curit\u00e9 requis, la r\u00e9sistance au vent ou au feu, les conditions du site, les surfaces de montage et l\u2019efficacit\u00e9 \u00e9nerg\u00e9tique.<\/p>\n<p>Gr\u00e2ce \u00e0 l\u2019expertise de notre \u00e9quipe \u00e9lectronique et aux retours de nos architectes et ing\u00e9nieurs commerciaux, nous s\u00e9lectionnons les composants \u00e9lectroniques les plus adapt\u00e9s et r\u00e9pondons aux demandes sp\u00e9cifiques lorsque cela est possible. Ce service peut \u00eatre r\u00e9alis\u00e9 sur site afin d\u2019analyser vos besoins techniques ou r\u00e9glementaires et est fourni gratuitement, sans engagement.<\/p>\n<\/div>\r\n                                                    <\/div>\r\n                    <\/div>\r\n                                    <div class=\"fqa-item  wow animate__fadeInUp\" data-wow-delay=\"0.75s\">\r\n                        <div class=\"fqa-header\" onclick=\"toggleFQA(this)\">\r\n                                                            <h3 class=\"fqa-title\">Je souhaite une porte avec une couleur personnalis\u00e9e. Est-ce possible ?<\/h3>\r\n                                                        \r\n                            <div class=\"fqa-toggle\">\r\n                                <img decoding=\"async\" src=\"\/wp-content\/uploads\/negative-icon-1.svg\" alt=\"Close\" class=\"fqa-close-icon\">\r\n                                <img decoding=\"async\" src=\"\/wp-content\/uploads\/plus-icon-3.svg\" alt=\"Open\" class=\"fqa-open-icon\">\r\n                            <\/div>\r\n                        <\/div>\r\n                        \r\n                        <div class=\"fqa-content\">\r\n                                                            <div class=\"fqa-description\"><p>Nos architectes et notre \u00e9quipe technique commerciale analysent les besoins esth\u00e9tiques et techniques de chaque projet afin de proposer les solutions les plus adapt\u00e9es. Les crit\u00e8res tels que l\u2019utilisation, le design, les exigences de s\u00e9curit\u00e9 et les conditions techniques sont pris en compte.<\/p>\n<p>Avec le soutien de notre \u00e9quipe \u00e9lectronique et de nos sp\u00e9cialistes techniques, nous r\u00e9pondons aux demandes personnalis\u00e9es lorsque cela est possible. Une visite sur site peut \u00eatre organis\u00e9e pour discuter des d\u00e9tails de votre projet. Ce service est gratuit et sans engagement.<\/p>\n<\/div>\r\n                                                    <\/div>\r\n                    <\/div>\r\n                                    <div class=\"fqa-item  wow animate__fadeInUp\" data-wow-delay=\"0.9s\">\r\n                        <div class=\"fqa-header\" onclick=\"toggleFQA(this)\">\r\n                                                            <h3 class=\"fqa-title\">J\u2019ai besoin d\u2019aide pour les plans et les sp\u00e9cifications techniques.<\/h3>\r\n                                                        \r\n                            <div class=\"fqa-toggle\">\r\n                                <img decoding=\"async\" src=\"\/wp-content\/uploads\/negative-icon-1.svg\" alt=\"Close\" class=\"fqa-close-icon\">\r\n                                <img decoding=\"async\" src=\"\/wp-content\/uploads\/plus-icon-3.svg\" alt=\"Open\" class=\"fqa-open-icon\">\r\n                            <\/div>\r\n                        <\/div>\r\n                        \r\n                        <div class=\"fqa-content\">\r\n                                                            <div class=\"fqa-description\"><p>Nos architectes et notre \u00e9quipe technique commerciale vous accompagnent dans la pr\u00e9paration des plans et des sp\u00e9cifications techniques n\u00e9cessaires \u00e0 votre projet. Les exigences d\u2019utilisation, les conditions de montage, les besoins de s\u00e9curit\u00e9 et les caract\u00e9ristiques techniques sont pris en compte.<\/p>\n<p>Gr\u00e2ce \u00e0 l\u2019expertise de nos \u00e9quipes techniques et \u00e9lectroniques, nous proposons les composants et solutions les plus adapt\u00e9s. Si n\u00e9cessaire, une consultation sur site peut \u00eatre organis\u00e9e afin d\u2019analyser les besoins du projet. Ce service est gratuit et sans engagement.<\/p>\n<\/div>\r\n                                                    <\/div>\r\n                    <\/div>\r\n                                    <\/div>\r\n    <\/div>\r\n<\/section>\r\n\r\n<script>\r\nfunction toggleFQA(header) {\r\n    const fqaItem = header.parentElement;\r\n    const fqaContent = fqaItem.querySelector('.fqa-content');\r\n    const allItems = document.querySelectorAll('.fqa-item');\r\n    \r\n    \/\/ Close all other items\r\n    allItems.forEach(item => {\r\n        if (item !== fqaItem) {\r\n            item.classList.remove('active');\r\n            const content = item.querySelector('.fqa-content');\r\n            if (content) {\r\n                content.style.maxHeight = null;\r\n            }\r\n        }\r\n    });\r\n    \r\n    \/\/ Toggle current item\r\n    fqaItem.classList.toggle('active');\r\n    \r\n    if (fqaItem.classList.contains('active')) {\r\n        fqaContent.style.maxHeight = fqaContent.scrollHeight + 'px';\r\n    } else {\r\n        fqaContent.style.maxHeight = null;\r\n    }\r\n}\r\n\r\n\/\/ Initialize accordion on page load\r\ndocument.addEventListener('DOMContentLoaded', function() {\r\n    const firstItem = document.querySelector('.fqa-item.active');\r\n    if (firstItem) {\r\n        const firstContent = firstItem.querySelector('.fqa-content');\r\n        if (firstContent) {\r\n            firstContent.style.maxHeight = firstContent.scrollHeight + 'px';\r\n        }\r\n    }\r\n});\r\n<\/script>","protected":false},"excerpt":{"rendered":"","protected":false},"author":3,"featured_media":0,"parent":0,"menu_order":0,"comment_status":"closed","ping_status":"closed","template":"","meta":{"_acf_changed":false,"footnotes":""},"class_list":["post-489","page","type-page","status-publish","hentry"],"acf":[],"yoast_head":"<!-- This site is optimized with the Yoast SEO plugin v27.1.1 - https:\/\/yoast.com\/product\/yoast-seo-wordpress\/ -->\n<title>\u00c0 propos - Keypenk<\/title>\n<meta name=\"description\" content=\"D\u00e9couvrez Keypenk, fabricant turc de rideaux m\u00e9talliques automatiques, portes industrielles et syst\u00e8mes de s\u00e9curit\u00e9.\" \/>\n<meta name=\"robots\" content=\"noindex, follow, max-snippet:-1, max-image-preview:large, max-video-preview:-1\" \/>\n<meta property=\"og:locale\" content=\"fr_FR\" \/>\n<meta property=\"og:type\" content=\"article\" \/>\n<meta property=\"og:title\" content=\"\u00c0 propos - Keypenk\" \/>\n<meta property=\"og:description\" content=\"D\u00e9couvrez Keypenk, fabricant turc de rideaux m\u00e9talliques automatiques, portes industrielles et syst\u00e8mes de s\u00e9curit\u00e9.\" \/>\n<meta property=\"og:url\" content=\"https:\/\/keypenk.bootests.com\/fr\/a-propos\/\" \/>\n<meta property=\"og:site_name\" content=\"Keypenk\" \/>\n<meta property=\"article:modified_time\" content=\"2026-03-11T08:24:17+00:00\" \/>\n<meta name=\"twitter:card\" content=\"summary_large_image\" \/>\n<script type=\"application\/ld+json\" class=\"yoast-schema-graph\">{\"@context\":\"https:\/\/schema.org\",\"@graph\":[{\"@type\":\"WebPage\",\"@id\":\"https:\/\/keypenk.bootests.com\/fr\/a-propos\/\",\"url\":\"https:\/\/keypenk.bootests.com\/fr\/a-propos\/\",\"name\":\"\u00c0 propos - Keypenk\",\"isPartOf\":{\"@id\":\"https:\/\/keypenk.bootests.com\/fr\/#website\"},\"datePublished\":\"2025-09-01T09:27:03+00:00\",\"dateModified\":\"2026-03-11T08:24:17+00:00\",\"description\":\"D\u00e9couvrez Keypenk, fabricant turc de rideaux m\u00e9talliques automatiques, portes industrielles et syst\u00e8mes de s\u00e9curit\u00e9.\",\"breadcrumb\":{\"@id\":\"https:\/\/keypenk.bootests.com\/fr\/a-propos\/#breadcrumb\"},\"inLanguage\":\"fr-FR\",\"potentialAction\":[{\"@type\":\"ReadAction\",\"target\":[\"https:\/\/keypenk.bootests.com\/fr\/a-propos\/\"]}]},{\"@type\":\"BreadcrumbList\",\"@id\":\"https:\/\/keypenk.bootests.com\/fr\/a-propos\/#breadcrumb\",\"itemListElement\":[{\"@type\":\"ListItem\",\"position\":1,\"name\":\"Anasayfa\",\"item\":\"https:\/\/keypenk.bootests.com\/fr\/\"},{\"@type\":\"ListItem\",\"position\":2,\"name\":\"\u00c0 propos\"}]},{\"@type\":\"WebSite\",\"@id\":\"https:\/\/keypenk.bootests.com\/fr\/#website\",\"url\":\"https:\/\/keypenk.bootests.com\/fr\/\",\"name\":\"Keypenk\",\"description\":\"Otomatik Kap\u0131 Kepenk Sistemleri\",\"potentialAction\":[{\"@type\":\"SearchAction\",\"target\":{\"@type\":\"EntryPoint\",\"urlTemplate\":\"https:\/\/keypenk.bootests.com\/fr\/?s={search_term_string}\"},\"query-input\":{\"@type\":\"PropertyValueSpecification\",\"valueRequired\":true,\"valueName\":\"search_term_string\"}}],\"inLanguage\":\"fr-FR\"}]}<\/script>\n<!-- \/ Yoast SEO plugin. -->","yoast_head_json":{"title":"\u00c0 propos - Keypenk","description":"D\u00e9couvrez Keypenk, fabricant turc de rideaux m\u00e9talliques automatiques, portes industrielles et syst\u00e8mes de s\u00e9curit\u00e9.","robots":{"index":"noindex","follow":"follow","max-snippet":"max-snippet:-1","max-image-preview":"max-image-preview:large","max-video-preview":"max-video-preview:-1"},"og_locale":"fr_FR","og_type":"article","og_title":"\u00c0 propos - Keypenk","og_description":"D\u00e9couvrez Keypenk, fabricant turc de rideaux m\u00e9talliques automatiques, portes industrielles et syst\u00e8mes de s\u00e9curit\u00e9.","og_url":"https:\/\/keypenk.bootests.com\/fr\/a-propos\/","og_site_name":"Keypenk","article_modified_time":"2026-03-11T08:24:17+00:00","twitter_card":"summary_large_image","schema":{"@context":"https:\/\/schema.org","@graph":[{"@type":"WebPage","@id":"https:\/\/keypenk.bootests.com\/fr\/a-propos\/","url":"https:\/\/keypenk.bootests.com\/fr\/a-propos\/","name":"\u00c0 propos - Keypenk","isPartOf":{"@id":"https:\/\/keypenk.bootests.com\/fr\/#website"},"datePublished":"2025-09-01T09:27:03+00:00","dateModified":"2026-03-11T08:24:17+00:00","description":"D\u00e9couvrez Keypenk, fabricant turc de rideaux m\u00e9talliques automatiques, portes industrielles et syst\u00e8mes de s\u00e9curit\u00e9.","breadcrumb":{"@id":"https:\/\/keypenk.bootests.com\/fr\/a-propos\/#breadcrumb"},"inLanguage":"fr-FR","potentialAction":[{"@type":"ReadAction","target":["https:\/\/keypenk.bootests.com\/fr\/a-propos\/"]}]},{"@type":"BreadcrumbList","@id":"https:\/\/keypenk.bootests.com\/fr\/a-propos\/#breadcrumb","itemListElement":[{"@type":"ListItem","position":1,"name":"Anasayfa","item":"https:\/\/keypenk.bootests.com\/fr\/"},{"@type":"ListItem","position":2,"name":"\u00c0 propos"}]},{"@type":"WebSite","@id":"https:\/\/keypenk.bootests.com\/fr\/#website","url":"https:\/\/keypenk.bootests.com\/fr\/","name":"Keypenk","description":"Otomatik Kap\u0131 Kepenk Sistemleri","potentialAction":[{"@type":"SearchAction","target":{"@type":"EntryPoint","urlTemplate":"https:\/\/keypenk.bootests.com\/fr\/?s={search_term_string}"},"query-input":{"@type":"PropertyValueSpecification","valueRequired":true,"valueName":"search_term_string"}}],"inLanguage":"fr-FR"}]}},"_links":{"self":[{"href":"https:\/\/keypenk.bootests.com\/fr\/wp-json\/wp\/v2\/pages\/489","targetHints":{"allow":["GET"]}}],"collection":[{"href":"https:\/\/keypenk.bootests.com\/fr\/wp-json\/wp\/v2\/pages"}],"about":[{"href":"https:\/\/keypenk.bootests.com\/fr\/wp-json\/wp\/v2\/types\/page"}],"author":[{"embeddable":true,"href":"https:\/\/keypenk.bootests.com\/fr\/wp-json\/wp\/v2\/users\/3"}],"replies":[{"embeddable":true,"href":"https:\/\/keypenk.bootests.com\/fr\/wp-json\/wp\/v2\/comments?post=489"}],"version-history":[{"count":4,"href":"https:\/\/keypenk.bootests.com\/fr\/wp-json\/wp\/v2\/pages\/489\/revisions"}],"predecessor-version":[{"id":2426,"href":"https:\/\/keypenk.bootests.com\/fr\/wp-json\/wp\/v2\/pages\/489\/revisions\/2426"}],"wp:attachment":[{"href":"https:\/\/keypenk.bootests.com\/fr\/wp-json\/wp\/v2\/media?parent=489"}],"curies":[{"name":"wp","href":"https:\/\/api.w.org\/{rel}","templated":true}]}}