{"id":478,"date":"2025-08-26T09:41:19","date_gmt":"2025-08-26T09:41:19","guid":{"rendered":"https:\/\/keypenk.bootests.com\/anasayfa\/"},"modified":"2026-03-11T07:59:38","modified_gmt":"2026-03-11T07:59:38","slug":"accueil","status":"publish","type":"page","link":"https:\/\/keypenk.bootests.com\/fr\/","title":{"rendered":"Accueil"},"content":{"rendered":"","protected":false},"excerpt":{"rendered":"","protected":false},"author":3,"featured_media":614,"parent":0,"menu_order":-20,"comment_status":"closed","ping_status":"closed","template":"front-page.php","meta":{"_acf_changed":false,"footnotes":""},"class_list":["post-478","page","type-page","status-publish","has-post-thumbnail","hentry"],"acf":[],"yoast_head":"<!-- This site is optimized with the Yoast SEO plugin v27.1.1 - https:\/\/yoast.com\/product\/yoast-seo-wordpress\/ -->\n<title>Keypenk - Syst\u00e8mes de Portes et Rideaux M\u00e9talliques Automatiques<\/title>\n<meta name=\"description\" content=\"Keypenk fabrique des rideaux m\u00e9talliques, portes industrielles et syst\u00e8mes de s\u00e9curit\u00e9 pour projets commerciaux, r\u00e9sidentiels et industriels.\" \/>\n<meta name=\"robots\" content=\"noindex, follow, max-snippet:-1, max-image-preview:large, max-video-preview:-1\" \/>\n<meta property=\"og:locale\" content=\"fr_FR\" \/>\n<meta property=\"og:type\" content=\"article\" \/>\n<meta property=\"og:title\" content=\"Keypenk - Syst\u00e8mes de Portes et Rideaux M\u00e9talliques Automatiques\" \/>\n<meta property=\"og:description\" content=\"Keypenk fabrique des rideaux m\u00e9talliques, portes industrielles et syst\u00e8mes de s\u00e9curit\u00e9 pour projets commerciaux, r\u00e9sidentiels et industriels.\" \/>\n<meta property=\"og:url\" content=\"https:\/\/keypenk.bootests.com\/fr\/\" \/>\n<meta property=\"og:site_name\" content=\"Keypenk\" \/>\n<meta property=\"article:modified_time\" content=\"2026-03-11T07:59:38+00:00\" \/>\n<meta property=\"og:image\" content=\"https:\/\/keypenk.bootests.com\/wp-content\/uploads\/keypenk-og-logo.jpg\" \/>\n\t<meta property=\"og:image:width\" content=\"1200\" \/>\n\t<meta property=\"og:image:height\" content=\"630\" \/>\n\t<meta property=\"og:image:type\" content=\"image\/jpeg\" \/>\n<meta name=\"twitter:card\" content=\"summary_large_image\" \/>\n<meta name=\"twitter:label1\" content=\"Dur\u00e9e de lecture estim\u00e9e\" \/>\n\t<meta name=\"twitter:data1\" content=\"1 minute\" \/>\n<script type=\"application\/ld+json\" class=\"yoast-schema-graph\">{\"@context\":\"https:\/\/schema.org\",\"@graph\":[{\"@type\":\"WebPage\",\"@id\":\"https:\/\/keypenk.bootests.com\/fr\/\",\"url\":\"https:\/\/keypenk.bootests.com\/fr\/\",\"name\":\"Keypenk - Syst\u00e8mes de Portes et Rideaux M\u00e9talliques Automatiques\",\"isPartOf\":{\"@id\":\"https:\/\/keypenk.bootests.com\/fr\/#website\"},\"primaryImageOfPage\":{\"@id\":\"https:\/\/keypenk.bootests.com\/fr\/#primaryimage\"},\"image\":{\"@id\":\"https:\/\/keypenk.bootests.com\/fr\/#primaryimage\"},\"thumbnailUrl\":\"https:\/\/keypenk.bootests.com\/wp-content\/uploads\/keypenk-og-logo.jpg\",\"datePublished\":\"2025-08-26T09:41:19+00:00\",\"dateModified\":\"2026-03-11T07:59:38+00:00\",\"description\":\"Keypenk fabrique des rideaux m\u00e9talliques, portes industrielles et syst\u00e8mes de s\u00e9curit\u00e9 pour projets commerciaux, r\u00e9sidentiels et industriels.\",\"breadcrumb\":{\"@id\":\"https:\/\/keypenk.bootests.com\/fr\/#breadcrumb\"},\"inLanguage\":\"fr-FR\",\"potentialAction\":[{\"@type\":\"ReadAction\",\"target\":[\"https:\/\/keypenk.bootests.com\/fr\/\"]}]},{\"@type\":\"ImageObject\",\"inLanguage\":\"fr-FR\",\"@id\":\"https:\/\/keypenk.bootests.com\/fr\/#primaryimage\",\"url\":\"https:\/\/keypenk.bootests.com\/wp-content\/uploads\/keypenk-og-logo.jpg\",\"contentUrl\":\"https:\/\/keypenk.bootests.com\/wp-content\/uploads\/keypenk-og-logo.jpg\",\"width\":1200,\"height\":630},{\"@type\":\"BreadcrumbList\",\"@id\":\"https:\/\/keypenk.bootests.com\/fr\/#breadcrumb\",\"itemListElement\":[{\"@type\":\"ListItem\",\"position\":1,\"name\":\"Anasayfa\",\"item\":\"https:\/\/keypenk.bootests.com\/fr\/\"},{\"@type\":\"ListItem\",\"position\":2,\"name\":\"Accueil\"}]},{\"@type\":\"WebSite\",\"@id\":\"https:\/\/keypenk.bootests.com\/fr\/#website\",\"url\":\"https:\/\/keypenk.bootests.com\/fr\/\",\"name\":\"Keypenk\",\"description\":\"Otomatik Kap\u0131 Kepenk Sistemleri\",\"potentialAction\":[{\"@type\":\"SearchAction\",\"target\":{\"@type\":\"EntryPoint\",\"urlTemplate\":\"https:\/\/keypenk.bootests.com\/fr\/?s={search_term_string}\"},\"query-input\":{\"@type\":\"PropertyValueSpecification\",\"valueRequired\":true,\"valueName\":\"search_term_string\"}}],\"inLanguage\":\"fr-FR\"}]}<\/script>\n<!-- \/ Yoast SEO plugin. -->","yoast_head_json":{"title":"Keypenk - Syst\u00e8mes de Portes et Rideaux M\u00e9talliques Automatiques","description":"Keypenk fabrique des rideaux m\u00e9talliques, portes industrielles et syst\u00e8mes de s\u00e9curit\u00e9 pour projets commerciaux, r\u00e9sidentiels et industriels.","robots":{"index":"noindex","follow":"follow","max-snippet":"max-snippet:-1","max-image-preview":"max-image-preview:large","max-video-preview":"max-video-preview:-1"},"og_locale":"fr_FR","og_type":"article","og_title":"Keypenk - Syst\u00e8mes de Portes et Rideaux M\u00e9talliques Automatiques","og_description":"Keypenk fabrique des rideaux m\u00e9talliques, portes industrielles et syst\u00e8mes de s\u00e9curit\u00e9 pour projets commerciaux, r\u00e9sidentiels et industriels.","og_url":"https:\/\/keypenk.bootests.com\/fr\/","og_site_name":"Keypenk","article_modified_time":"2026-03-11T07:59:38+00:00","og_image":[{"width":1200,"height":630,"url":"https:\/\/keypenk.bootests.com\/wp-content\/uploads\/keypenk-og-logo.jpg","type":"image\/jpeg"}],"twitter_card":"summary_large_image","twitter_misc":{"Dur\u00e9e de lecture estim\u00e9e":"1 minute"},"schema":{"@context":"https:\/\/schema.org","@graph":[{"@type":"WebPage","@id":"https:\/\/keypenk.bootests.com\/fr\/","url":"https:\/\/keypenk.bootests.com\/fr\/","name":"Keypenk - Syst\u00e8mes de Portes et Rideaux M\u00e9talliques Automatiques","isPartOf":{"@id":"https:\/\/keypenk.bootests.com\/fr\/#website"},"primaryImageOfPage":{"@id":"https:\/\/keypenk.bootests.com\/fr\/#primaryimage"},"image":{"@id":"https:\/\/keypenk.bootests.com\/fr\/#primaryimage"},"thumbnailUrl":"https:\/\/keypenk.bootests.com\/wp-content\/uploads\/keypenk-og-logo.jpg","datePublished":"2025-08-26T09:41:19+00:00","dateModified":"2026-03-11T07:59:38+00:00","description":"Keypenk fabrique des rideaux m\u00e9talliques, portes industrielles et syst\u00e8mes de s\u00e9curit\u00e9 pour projets commerciaux, r\u00e9sidentiels et industriels.","breadcrumb":{"@id":"https:\/\/keypenk.bootests.com\/fr\/#breadcrumb"},"inLanguage":"fr-FR","potentialAction":[{"@type":"ReadAction","target":["https:\/\/keypenk.bootests.com\/fr\/"]}]},{"@type":"ImageObject","inLanguage":"fr-FR","@id":"https:\/\/keypenk.bootests.com\/fr\/#primaryimage","url":"https:\/\/keypenk.bootests.com\/wp-content\/uploads\/keypenk-og-logo.jpg","contentUrl":"https:\/\/keypenk.bootests.com\/wp-content\/uploads\/keypenk-og-logo.jpg","width":1200,"height":630},{"@type":"BreadcrumbList","@id":"https:\/\/keypenk.bootests.com\/fr\/#breadcrumb","itemListElement":[{"@type":"ListItem","position":1,"name":"Anasayfa","item":"https:\/\/keypenk.bootests.com\/fr\/"},{"@type":"ListItem","position":2,"name":"Accueil"}]},{"@type":"WebSite","@id":"https:\/\/keypenk.bootests.com\/fr\/#website","url":"https:\/\/keypenk.bootests.com\/fr\/","name":"Keypenk","description":"Otomatik Kap\u0131 Kepenk Sistemleri","potentialAction":[{"@type":"SearchAction","target":{"@type":"EntryPoint","urlTemplate":"https:\/\/keypenk.bootests.com\/fr\/?s={search_term_string}"},"query-input":{"@type":"PropertyValueSpecification","valueRequired":true,"valueName":"search_term_string"}}],"inLanguage":"fr-FR"}]}},"_links":{"self":[{"href":"https:\/\/keypenk.bootests.com\/fr\/wp-json\/wp\/v2\/pages\/478","targetHints":{"allow":["GET"]}}],"collection":[{"href":"https:\/\/keypenk.bootests.com\/fr\/wp-json\/wp\/v2\/pages"}],"about":[{"href":"https:\/\/keypenk.bootests.com\/fr\/wp-json\/wp\/v2\/types\/page"}],"author":[{"embeddable":true,"href":"https:\/\/keypenk.bootests.com\/fr\/wp-json\/wp\/v2\/users\/3"}],"replies":[{"embeddable":true,"href":"https:\/\/keypenk.bootests.com\/fr\/wp-json\/wp\/v2\/comments?post=478"}],"version-history":[{"count":2,"href":"https:\/\/keypenk.bootests.com\/fr\/wp-json\/wp\/v2\/pages\/478\/revisions"}],"predecessor-version":[{"id":2098,"href":"https:\/\/keypenk.bootests.com\/fr\/wp-json\/wp\/v2\/pages\/478\/revisions\/2098"}],"wp:featuredmedia":[{"embeddable":true,"href":"https:\/\/keypenk.bootests.com\/fr\/wp-json\/wp\/v2\/media\/614"}],"wp:attachment":[{"href":"https:\/\/keypenk.bootests.com\/fr\/wp-json\/wp\/v2\/media?parent=478"}],"curies":[{"name":"wp","href":"https:\/\/api.w.org\/{rel}","templated":true}]}}