{"id":2123,"date":"2026-03-09T14:52:47","date_gmt":"2026-03-09T14:52:47","guid":{"rendered":"https:\/\/keypenk.bootests.com\/fire-rated-roller-shutters\/"},"modified":"2026-03-09T14:56:41","modified_gmt":"2026-03-09T14:56:41","slug":"rideaux-roulants-coupe-feu","status":"publish","type":"page","link":"https:\/\/keypenk.bootests.com\/fr\/rideaux-roulants-coupe-feu\/","title":{"rendered":"Rideaux Roulants Coupe-Feu"},"content":{"rendered":"","protected":false},"excerpt":{"rendered":"","protected":false},"author":2,"featured_media":0,"parent":0,"menu_order":0,"comment_status":"closed","ping_status":"closed","template":"urun-kategorileri-page.php","meta":{"_acf_changed":false,"footnotes":""},"class_list":["post-2123","page","type-page","status-publish","hentry"],"acf":[],"yoast_head":"<!-- This site is optimized with the Yoast SEO plugin v27.1.1 - https:\/\/yoast.com\/product\/yoast-seo-wordpress\/ -->\n<title>Rideaux Roulants Coupe-Feu - Keypenk<\/title>\n<meta name=\"description\" content=\"Rideaux roulants coupe-feu con\u00e7us pour contenir le feu et la fum\u00e9e. Am\u00e9liorent la s\u00e9curit\u00e9 et la protection des espaces commerciaux et industriels.\" \/>\n<meta name=\"robots\" content=\"noindex, follow, max-snippet:-1, max-image-preview:large, max-video-preview:-1\" \/>\n<meta property=\"og:locale\" content=\"fr_FR\" \/>\n<meta property=\"og:type\" content=\"article\" \/>\n<meta property=\"og:title\" content=\"Rideaux Roulants Coupe-Feu - Keypenk\" \/>\n<meta property=\"og:description\" content=\"Rideaux roulants coupe-feu con\u00e7us pour contenir le feu et la fum\u00e9e. Am\u00e9liorent la s\u00e9curit\u00e9 et la protection des espaces commerciaux et industriels.\" \/>\n<meta property=\"og:url\" content=\"https:\/\/keypenk.bootests.com\/fr\/rideaux-roulants-coupe-feu\/\" \/>\n<meta property=\"og:site_name\" content=\"Keypenk\" \/>\n<meta property=\"article:modified_time\" content=\"2026-03-09T14:56:41+00:00\" \/>\n<meta name=\"twitter:card\" content=\"summary_large_image\" \/>\n<script type=\"application\/ld+json\" class=\"yoast-schema-graph\">{\"@context\":\"https:\/\/schema.org\",\"@graph\":[{\"@type\":\"WebPage\",\"@id\":\"https:\/\/keypenk.bootests.com\/fr\/rideaux-roulants-coupe-feu\/\",\"url\":\"https:\/\/keypenk.bootests.com\/fr\/rideaux-roulants-coupe-feu\/\",\"name\":\"Rideaux Roulants Coupe-Feu - Keypenk\",\"isPartOf\":{\"@id\":\"https:\/\/keypenk.bootests.com\/fr\/#website\"},\"datePublished\":\"2026-03-09T14:52:47+00:00\",\"dateModified\":\"2026-03-09T14:56:41+00:00\",\"description\":\"Rideaux roulants coupe-feu con\u00e7us pour contenir le feu et la fum\u00e9e. Am\u00e9liorent la s\u00e9curit\u00e9 et la protection des espaces commerciaux et industriels.\",\"breadcrumb\":{\"@id\":\"https:\/\/keypenk.bootests.com\/fr\/rideaux-roulants-coupe-feu\/#breadcrumb\"},\"inLanguage\":\"fr-FR\",\"potentialAction\":[{\"@type\":\"ReadAction\",\"target\":[\"https:\/\/keypenk.bootests.com\/fr\/rideaux-roulants-coupe-feu\/\"]}]},{\"@type\":\"BreadcrumbList\",\"@id\":\"https:\/\/keypenk.bootests.com\/fr\/rideaux-roulants-coupe-feu\/#breadcrumb\",\"itemListElement\":[{\"@type\":\"ListItem\",\"position\":1,\"name\":\"Anasayfa\",\"item\":\"https:\/\/keypenk.bootests.com\/fr\/\"},{\"@type\":\"ListItem\",\"position\":2,\"name\":\"Rideaux Roulants Coupe-Feu\"}]},{\"@type\":\"WebSite\",\"@id\":\"https:\/\/keypenk.bootests.com\/fr\/#website\",\"url\":\"https:\/\/keypenk.bootests.com\/fr\/\",\"name\":\"Keypenk\",\"description\":\"Otomatik Kap\u0131 Kepenk Sistemleri\",\"potentialAction\":[{\"@type\":\"SearchAction\",\"target\":{\"@type\":\"EntryPoint\",\"urlTemplate\":\"https:\/\/keypenk.bootests.com\/fr\/?s={search_term_string}\"},\"query-input\":{\"@type\":\"PropertyValueSpecification\",\"valueRequired\":true,\"valueName\":\"search_term_string\"}}],\"inLanguage\":\"fr-FR\"}]}<\/script>\n<!-- \/ Yoast SEO plugin. -->","yoast_head_json":{"title":"Rideaux Roulants Coupe-Feu - Keypenk","description":"Rideaux roulants coupe-feu con\u00e7us pour contenir le feu et la fum\u00e9e. Am\u00e9liorent la s\u00e9curit\u00e9 et la protection des espaces commerciaux et industriels.","robots":{"index":"noindex","follow":"follow","max-snippet":"max-snippet:-1","max-image-preview":"max-image-preview:large","max-video-preview":"max-video-preview:-1"},"og_locale":"fr_FR","og_type":"article","og_title":"Rideaux Roulants Coupe-Feu - Keypenk","og_description":"Rideaux roulants coupe-feu con\u00e7us pour contenir le feu et la fum\u00e9e. Am\u00e9liorent la s\u00e9curit\u00e9 et la protection des espaces commerciaux et industriels.","og_url":"https:\/\/keypenk.bootests.com\/fr\/rideaux-roulants-coupe-feu\/","og_site_name":"Keypenk","article_modified_time":"2026-03-09T14:56:41+00:00","twitter_card":"summary_large_image","schema":{"@context":"https:\/\/schema.org","@graph":[{"@type":"WebPage","@id":"https:\/\/keypenk.bootests.com\/fr\/rideaux-roulants-coupe-feu\/","url":"https:\/\/keypenk.bootests.com\/fr\/rideaux-roulants-coupe-feu\/","name":"Rideaux Roulants Coupe-Feu - Keypenk","isPartOf":{"@id":"https:\/\/keypenk.bootests.com\/fr\/#website"},"datePublished":"2026-03-09T14:52:47+00:00","dateModified":"2026-03-09T14:56:41+00:00","description":"Rideaux roulants coupe-feu con\u00e7us pour contenir le feu et la fum\u00e9e. Am\u00e9liorent la s\u00e9curit\u00e9 et la protection des espaces commerciaux et industriels.","breadcrumb":{"@id":"https:\/\/keypenk.bootests.com\/fr\/rideaux-roulants-coupe-feu\/#breadcrumb"},"inLanguage":"fr-FR","potentialAction":[{"@type":"ReadAction","target":["https:\/\/keypenk.bootests.com\/fr\/rideaux-roulants-coupe-feu\/"]}]},{"@type":"BreadcrumbList","@id":"https:\/\/keypenk.bootests.com\/fr\/rideaux-roulants-coupe-feu\/#breadcrumb","itemListElement":[{"@type":"ListItem","position":1,"name":"Anasayfa","item":"https:\/\/keypenk.bootests.com\/fr\/"},{"@type":"ListItem","position":2,"name":"Rideaux Roulants Coupe-Feu"}]},{"@type":"WebSite","@id":"https:\/\/keypenk.bootests.com\/fr\/#website","url":"https:\/\/keypenk.bootests.com\/fr\/","name":"Keypenk","description":"Otomatik Kap\u0131 Kepenk Sistemleri","potentialAction":[{"@type":"SearchAction","target":{"@type":"EntryPoint","urlTemplate":"https:\/\/keypenk.bootests.com\/fr\/?s={search_term_string}"},"query-input":{"@type":"PropertyValueSpecification","valueRequired":true,"valueName":"search_term_string"}}],"inLanguage":"fr-FR"}]}},"_links":{"self":[{"href":"https:\/\/keypenk.bootests.com\/fr\/wp-json\/wp\/v2\/pages\/2123","targetHints":{"allow":["GET"]}}],"collection":[{"href":"https:\/\/keypenk.bootests.com\/fr\/wp-json\/wp\/v2\/pages"}],"about":[{"href":"https:\/\/keypenk.bootests.com\/fr\/wp-json\/wp\/v2\/types\/page"}],"author":[{"embeddable":true,"href":"https:\/\/keypenk.bootests.com\/fr\/wp-json\/wp\/v2\/users\/2"}],"replies":[{"embeddable":true,"href":"https:\/\/keypenk.bootests.com\/fr\/wp-json\/wp\/v2\/comments?post=2123"}],"version-history":[{"count":2,"href":"https:\/\/keypenk.bootests.com\/fr\/wp-json\/wp\/v2\/pages\/2123\/revisions"}],"predecessor-version":[{"id":2130,"href":"https:\/\/keypenk.bootests.com\/fr\/wp-json\/wp\/v2\/pages\/2123\/revisions\/2130"}],"wp:attachment":[{"href":"https:\/\/keypenk.bootests.com\/fr\/wp-json\/wp\/v2\/media?parent=2123"}],"curies":[{"name":"wp","href":"https:\/\/api.w.org\/{rel}","templated":true}]}}