{"id":2074,"date":"2025-09-29T10:52:15","date_gmt":"2025-09-29T10:52:15","guid":{"rendered":"https:\/\/keypenk.bootests.com\/drives-control-safety-systems\/"},"modified":"2026-03-09T13:27:37","modified_gmt":"2026-03-09T13:27:37","slug":"systemes-de-motorisation-de-controle-et-de-securite","status":"publish","type":"page","link":"https:\/\/keypenk.bootests.com\/fr\/systemes-de-motorisation-de-controle-et-de-securite\/","title":{"rendered":"Syst\u00e8mes de Motorisation, de Contr\u00f4le et de S\u00e9curit\u00e9"},"content":{"rendered":"","protected":false},"excerpt":{"rendered":"","protected":false},"author":3,"featured_media":0,"parent":0,"menu_order":0,"comment_status":"closed","ping_status":"closed","template":"urun-kategorileri-page.php","meta":{"_acf_changed":false,"footnotes":""},"class_list":["post-2074","page","type-page","status-publish","hentry"],"acf":[],"yoast_head":"<!-- This site is optimized with the Yoast SEO plugin v27.1.1 - https:\/\/yoast.com\/product\/yoast-seo-wordpress\/ -->\n<title>Syst\u00e8mes de Motorisation, de Contr\u00f4le et de S\u00e9curit\u00e9 - Keypenk<\/title>\n<meta name=\"description\" content=\"Syst\u00e8mes de motorisation, contr\u00f4le et s\u00e9curit\u00e9 pour rideaux m\u00e9talliques et portes industrielles. Solutions fiables pour l\u2019automatisation.\" \/>\n<meta name=\"robots\" content=\"noindex, follow, max-snippet:-1, max-image-preview:large, max-video-preview:-1\" \/>\n<meta property=\"og:locale\" content=\"fr_FR\" \/>\n<meta property=\"og:type\" content=\"article\" \/>\n<meta property=\"og:title\" content=\"Syst\u00e8mes de Motorisation, de Contr\u00f4le et de S\u00e9curit\u00e9 - Keypenk\" \/>\n<meta property=\"og:description\" content=\"Syst\u00e8mes de motorisation, contr\u00f4le et s\u00e9curit\u00e9 pour rideaux m\u00e9talliques et portes industrielles. Solutions fiables pour l\u2019automatisation.\" \/>\n<meta property=\"og:url\" content=\"https:\/\/keypenk.bootests.com\/fr\/systemes-de-motorisation-de-controle-et-de-securite\/\" \/>\n<meta property=\"og:site_name\" content=\"Keypenk\" \/>\n<meta property=\"article:modified_time\" content=\"2026-03-09T13:27:37+00:00\" \/>\n<meta name=\"twitter:card\" content=\"summary_large_image\" \/>\n<script type=\"application\/ld+json\" class=\"yoast-schema-graph\">{\"@context\":\"https:\/\/schema.org\",\"@graph\":[{\"@type\":\"WebPage\",\"@id\":\"https:\/\/keypenk.bootests.com\/fr\/systemes-de-motorisation-de-controle-et-de-securite\/\",\"url\":\"https:\/\/keypenk.bootests.com\/fr\/systemes-de-motorisation-de-controle-et-de-securite\/\",\"name\":\"Syst\u00e8mes de Motorisation, de Contr\u00f4le et de S\u00e9curit\u00e9 - Keypenk\",\"isPartOf\":{\"@id\":\"https:\/\/keypenk.bootests.com\/fr\/#website\"},\"datePublished\":\"2025-09-29T10:52:15+00:00\",\"dateModified\":\"2026-03-09T13:27:37+00:00\",\"description\":\"Syst\u00e8mes de motorisation, contr\u00f4le et s\u00e9curit\u00e9 pour rideaux m\u00e9talliques et portes industrielles. Solutions fiables pour l\u2019automatisation.\",\"breadcrumb\":{\"@id\":\"https:\/\/keypenk.bootests.com\/fr\/systemes-de-motorisation-de-controle-et-de-securite\/#breadcrumb\"},\"inLanguage\":\"fr-FR\",\"potentialAction\":[{\"@type\":\"ReadAction\",\"target\":[\"https:\/\/keypenk.bootests.com\/fr\/systemes-de-motorisation-de-controle-et-de-securite\/\"]}]},{\"@type\":\"BreadcrumbList\",\"@id\":\"https:\/\/keypenk.bootests.com\/fr\/systemes-de-motorisation-de-controle-et-de-securite\/#breadcrumb\",\"itemListElement\":[{\"@type\":\"ListItem\",\"position\":1,\"name\":\"Anasayfa\",\"item\":\"https:\/\/keypenk.bootests.com\/fr\/\"},{\"@type\":\"ListItem\",\"position\":2,\"name\":\"Syst\u00e8mes de Motorisation, de Contr\u00f4le et de S\u00e9curit\u00e9\"}]},{\"@type\":\"WebSite\",\"@id\":\"https:\/\/keypenk.bootests.com\/fr\/#website\",\"url\":\"https:\/\/keypenk.bootests.com\/fr\/\",\"name\":\"Keypenk\",\"description\":\"Otomatik Kap\u0131 Kepenk Sistemleri\",\"potentialAction\":[{\"@type\":\"SearchAction\",\"target\":{\"@type\":\"EntryPoint\",\"urlTemplate\":\"https:\/\/keypenk.bootests.com\/fr\/?s={search_term_string}\"},\"query-input\":{\"@type\":\"PropertyValueSpecification\",\"valueRequired\":true,\"valueName\":\"search_term_string\"}}],\"inLanguage\":\"fr-FR\"}]}<\/script>\n<!-- \/ Yoast SEO plugin. -->","yoast_head_json":{"title":"Syst\u00e8mes de Motorisation, de Contr\u00f4le et de S\u00e9curit\u00e9 - Keypenk","description":"Syst\u00e8mes de motorisation, contr\u00f4le et s\u00e9curit\u00e9 pour rideaux m\u00e9talliques et portes industrielles. Solutions fiables pour l\u2019automatisation.","robots":{"index":"noindex","follow":"follow","max-snippet":"max-snippet:-1","max-image-preview":"max-image-preview:large","max-video-preview":"max-video-preview:-1"},"og_locale":"fr_FR","og_type":"article","og_title":"Syst\u00e8mes de Motorisation, de Contr\u00f4le et de S\u00e9curit\u00e9 - Keypenk","og_description":"Syst\u00e8mes de motorisation, contr\u00f4le et s\u00e9curit\u00e9 pour rideaux m\u00e9talliques et portes industrielles. Solutions fiables pour l\u2019automatisation.","og_url":"https:\/\/keypenk.bootests.com\/fr\/systemes-de-motorisation-de-controle-et-de-securite\/","og_site_name":"Keypenk","article_modified_time":"2026-03-09T13:27:37+00:00","twitter_card":"summary_large_image","schema":{"@context":"https:\/\/schema.org","@graph":[{"@type":"WebPage","@id":"https:\/\/keypenk.bootests.com\/fr\/systemes-de-motorisation-de-controle-et-de-securite\/","url":"https:\/\/keypenk.bootests.com\/fr\/systemes-de-motorisation-de-controle-et-de-securite\/","name":"Syst\u00e8mes de Motorisation, de Contr\u00f4le et de S\u00e9curit\u00e9 - Keypenk","isPartOf":{"@id":"https:\/\/keypenk.bootests.com\/fr\/#website"},"datePublished":"2025-09-29T10:52:15+00:00","dateModified":"2026-03-09T13:27:37+00:00","description":"Syst\u00e8mes de motorisation, contr\u00f4le et s\u00e9curit\u00e9 pour rideaux m\u00e9talliques et portes industrielles. Solutions fiables pour l\u2019automatisation.","breadcrumb":{"@id":"https:\/\/keypenk.bootests.com\/fr\/systemes-de-motorisation-de-controle-et-de-securite\/#breadcrumb"},"inLanguage":"fr-FR","potentialAction":[{"@type":"ReadAction","target":["https:\/\/keypenk.bootests.com\/fr\/systemes-de-motorisation-de-controle-et-de-securite\/"]}]},{"@type":"BreadcrumbList","@id":"https:\/\/keypenk.bootests.com\/fr\/systemes-de-motorisation-de-controle-et-de-securite\/#breadcrumb","itemListElement":[{"@type":"ListItem","position":1,"name":"Anasayfa","item":"https:\/\/keypenk.bootests.com\/fr\/"},{"@type":"ListItem","position":2,"name":"Syst\u00e8mes de Motorisation, de Contr\u00f4le et de S\u00e9curit\u00e9"}]},{"@type":"WebSite","@id":"https:\/\/keypenk.bootests.com\/fr\/#website","url":"https:\/\/keypenk.bootests.com\/fr\/","name":"Keypenk","description":"Otomatik Kap\u0131 Kepenk Sistemleri","potentialAction":[{"@type":"SearchAction","target":{"@type":"EntryPoint","urlTemplate":"https:\/\/keypenk.bootests.com\/fr\/?s={search_term_string}"},"query-input":{"@type":"PropertyValueSpecification","valueRequired":true,"valueName":"search_term_string"}}],"inLanguage":"fr-FR"}]}},"_links":{"self":[{"href":"https:\/\/keypenk.bootests.com\/fr\/wp-json\/wp\/v2\/pages\/2074","targetHints":{"allow":["GET"]}}],"collection":[{"href":"https:\/\/keypenk.bootests.com\/fr\/wp-json\/wp\/v2\/pages"}],"about":[{"href":"https:\/\/keypenk.bootests.com\/fr\/wp-json\/wp\/v2\/types\/page"}],"author":[{"embeddable":true,"href":"https:\/\/keypenk.bootests.com\/fr\/wp-json\/wp\/v2\/users\/3"}],"replies":[{"embeddable":true,"href":"https:\/\/keypenk.bootests.com\/fr\/wp-json\/wp\/v2\/comments?post=2074"}],"version-history":[{"count":1,"href":"https:\/\/keypenk.bootests.com\/fr\/wp-json\/wp\/v2\/pages\/2074\/revisions"}],"predecessor-version":[{"id":2077,"href":"https:\/\/keypenk.bootests.com\/fr\/wp-json\/wp\/v2\/pages\/2074\/revisions\/2077"}],"wp:attachment":[{"href":"https:\/\/keypenk.bootests.com\/fr\/wp-json\/wp\/v2\/media?parent=2074"}],"curies":[{"name":"wp","href":"https:\/\/api.w.org\/{rel}","templated":true}]}}