{"id":2043,"date":"2026-02-11T13:58:27","date_gmt":"2026-02-11T13:58:27","guid":{"rendered":"https:\/\/keypenk.bootests.com\/side-folding-grilles\/"},"modified":"2026-03-09T13:27:37","modified_gmt":"2026-03-09T13:27:37","slug":"grilles-repliables-laterales","status":"publish","type":"page","link":"https:\/\/keypenk.bootests.com\/fr\/grilles-repliables-laterales\/","title":{"rendered":"Grilles Repliables Lat\u00e9rales"},"content":{"rendered":"","protected":false},"excerpt":{"rendered":"","protected":false},"author":3,"featured_media":0,"parent":0,"menu_order":0,"comment_status":"closed","ping_status":"closed","template":"urun-kategorileri-page.php","meta":{"_acf_changed":false,"footnotes":""},"class_list":["post-2043","page","type-page","status-publish","hentry"],"acf":[],"yoast_head":"<!-- This site is optimized with the Yoast SEO plugin v27.1.1 - https:\/\/yoast.com\/product\/yoast-seo-wordpress\/ -->\n<title>Grilles Repliables Lat\u00e9rales - Keypenk<\/title>\n<meta name=\"description\" content=\"Grilles de s\u00e9curit\u00e9 pliantes lat\u00e9rales pour magasins et centres commerciaux, offrant s\u00e9curit\u00e9, visibilit\u00e9 et ventilation.\" \/>\n<meta name=\"robots\" content=\"noindex, follow, max-snippet:-1, max-image-preview:large, max-video-preview:-1\" \/>\n<meta property=\"og:locale\" content=\"fr_FR\" \/>\n<meta property=\"og:type\" content=\"article\" \/>\n<meta property=\"og:title\" content=\"Grilles Repliables Lat\u00e9rales - Keypenk\" \/>\n<meta property=\"og:description\" content=\"Grilles de s\u00e9curit\u00e9 pliantes lat\u00e9rales pour magasins et centres commerciaux, offrant s\u00e9curit\u00e9, visibilit\u00e9 et ventilation.\" \/>\n<meta property=\"og:url\" content=\"https:\/\/keypenk.bootests.com\/fr\/grilles-repliables-laterales\/\" \/>\n<meta property=\"og:site_name\" content=\"Keypenk\" \/>\n<meta property=\"article:modified_time\" content=\"2026-03-09T13:27:37+00:00\" \/>\n<meta name=\"twitter:card\" content=\"summary_large_image\" \/>\n<script type=\"application\/ld+json\" class=\"yoast-schema-graph\">{\"@context\":\"https:\/\/schema.org\",\"@graph\":[{\"@type\":\"WebPage\",\"@id\":\"https:\/\/keypenk.bootests.com\/fr\/grilles-repliables-laterales\/\",\"url\":\"https:\/\/keypenk.bootests.com\/fr\/grilles-repliables-laterales\/\",\"name\":\"Grilles Repliables Lat\u00e9rales - Keypenk\",\"isPartOf\":{\"@id\":\"https:\/\/keypenk.bootests.com\/fr\/#website\"},\"datePublished\":\"2026-02-11T13:58:27+00:00\",\"dateModified\":\"2026-03-09T13:27:37+00:00\",\"description\":\"Grilles de s\u00e9curit\u00e9 pliantes lat\u00e9rales pour magasins et centres commerciaux, offrant s\u00e9curit\u00e9, visibilit\u00e9 et ventilation.\",\"breadcrumb\":{\"@id\":\"https:\/\/keypenk.bootests.com\/fr\/grilles-repliables-laterales\/#breadcrumb\"},\"inLanguage\":\"fr-FR\",\"potentialAction\":[{\"@type\":\"ReadAction\",\"target\":[\"https:\/\/keypenk.bootests.com\/fr\/grilles-repliables-laterales\/\"]}]},{\"@type\":\"BreadcrumbList\",\"@id\":\"https:\/\/keypenk.bootests.com\/fr\/grilles-repliables-laterales\/#breadcrumb\",\"itemListElement\":[{\"@type\":\"ListItem\",\"position\":1,\"name\":\"Anasayfa\",\"item\":\"https:\/\/keypenk.bootests.com\/fr\/\"},{\"@type\":\"ListItem\",\"position\":2,\"name\":\"Grilles Repliables Lat\u00e9rales\"}]},{\"@type\":\"WebSite\",\"@id\":\"https:\/\/keypenk.bootests.com\/fr\/#website\",\"url\":\"https:\/\/keypenk.bootests.com\/fr\/\",\"name\":\"Keypenk\",\"description\":\"Otomatik Kap\u0131 Kepenk Sistemleri\",\"potentialAction\":[{\"@type\":\"SearchAction\",\"target\":{\"@type\":\"EntryPoint\",\"urlTemplate\":\"https:\/\/keypenk.bootests.com\/fr\/?s={search_term_string}\"},\"query-input\":{\"@type\":\"PropertyValueSpecification\",\"valueRequired\":true,\"valueName\":\"search_term_string\"}}],\"inLanguage\":\"fr-FR\"}]}<\/script>\n<!-- \/ Yoast SEO plugin. -->","yoast_head_json":{"title":"Grilles Repliables Lat\u00e9rales - Keypenk","description":"Grilles de s\u00e9curit\u00e9 pliantes lat\u00e9rales pour magasins et centres commerciaux, offrant s\u00e9curit\u00e9, visibilit\u00e9 et ventilation.","robots":{"index":"noindex","follow":"follow","max-snippet":"max-snippet:-1","max-image-preview":"max-image-preview:large","max-video-preview":"max-video-preview:-1"},"og_locale":"fr_FR","og_type":"article","og_title":"Grilles Repliables Lat\u00e9rales - Keypenk","og_description":"Grilles de s\u00e9curit\u00e9 pliantes lat\u00e9rales pour magasins et centres commerciaux, offrant s\u00e9curit\u00e9, visibilit\u00e9 et ventilation.","og_url":"https:\/\/keypenk.bootests.com\/fr\/grilles-repliables-laterales\/","og_site_name":"Keypenk","article_modified_time":"2026-03-09T13:27:37+00:00","twitter_card":"summary_large_image","schema":{"@context":"https:\/\/schema.org","@graph":[{"@type":"WebPage","@id":"https:\/\/keypenk.bootests.com\/fr\/grilles-repliables-laterales\/","url":"https:\/\/keypenk.bootests.com\/fr\/grilles-repliables-laterales\/","name":"Grilles Repliables Lat\u00e9rales - Keypenk","isPartOf":{"@id":"https:\/\/keypenk.bootests.com\/fr\/#website"},"datePublished":"2026-02-11T13:58:27+00:00","dateModified":"2026-03-09T13:27:37+00:00","description":"Grilles de s\u00e9curit\u00e9 pliantes lat\u00e9rales pour magasins et centres commerciaux, offrant s\u00e9curit\u00e9, visibilit\u00e9 et ventilation.","breadcrumb":{"@id":"https:\/\/keypenk.bootests.com\/fr\/grilles-repliables-laterales\/#breadcrumb"},"inLanguage":"fr-FR","potentialAction":[{"@type":"ReadAction","target":["https:\/\/keypenk.bootests.com\/fr\/grilles-repliables-laterales\/"]}]},{"@type":"BreadcrumbList","@id":"https:\/\/keypenk.bootests.com\/fr\/grilles-repliables-laterales\/#breadcrumb","itemListElement":[{"@type":"ListItem","position":1,"name":"Anasayfa","item":"https:\/\/keypenk.bootests.com\/fr\/"},{"@type":"ListItem","position":2,"name":"Grilles Repliables Lat\u00e9rales"}]},{"@type":"WebSite","@id":"https:\/\/keypenk.bootests.com\/fr\/#website","url":"https:\/\/keypenk.bootests.com\/fr\/","name":"Keypenk","description":"Otomatik Kap\u0131 Kepenk Sistemleri","potentialAction":[{"@type":"SearchAction","target":{"@type":"EntryPoint","urlTemplate":"https:\/\/keypenk.bootests.com\/fr\/?s={search_term_string}"},"query-input":{"@type":"PropertyValueSpecification","valueRequired":true,"valueName":"search_term_string"}}],"inLanguage":"fr-FR"}]}},"_links":{"self":[{"href":"https:\/\/keypenk.bootests.com\/fr\/wp-json\/wp\/v2\/pages\/2043","targetHints":{"allow":["GET"]}}],"collection":[{"href":"https:\/\/keypenk.bootests.com\/fr\/wp-json\/wp\/v2\/pages"}],"about":[{"href":"https:\/\/keypenk.bootests.com\/fr\/wp-json\/wp\/v2\/types\/page"}],"author":[{"embeddable":true,"href":"https:\/\/keypenk.bootests.com\/fr\/wp-json\/wp\/v2\/users\/3"}],"replies":[{"embeddable":true,"href":"https:\/\/keypenk.bootests.com\/fr\/wp-json\/wp\/v2\/comments?post=2043"}],"version-history":[{"count":2,"href":"https:\/\/keypenk.bootests.com\/fr\/wp-json\/wp\/v2\/pages\/2043\/revisions"}],"predecessor-version":[{"id":2049,"href":"https:\/\/keypenk.bootests.com\/fr\/wp-json\/wp\/v2\/pages\/2043\/revisions\/2049"}],"wp:attachment":[{"href":"https:\/\/keypenk.bootests.com\/fr\/wp-json\/wp\/v2\/media?parent=2043"}],"curies":[{"name":"wp","href":"https:\/\/api.w.org\/{rel}","templated":true}]}}