{"id":2039,"date":"2025-09-11T09:21:09","date_gmt":"2025-09-11T09:21:09","guid":{"rendered":"https:\/\/keypenk.bootests.com\/catalog\/"},"modified":"2026-03-11T08:22:29","modified_gmt":"2026-03-11T08:22:29","slug":"catalogue","status":"publish","type":"page","link":"https:\/\/keypenk.bootests.com\/fr\/catalogue\/","title":{"rendered":"Catalogue"},"content":{"rendered":"<section class=\"acf-kataloglar-section\">\n\n        <div class=\"kataloglar-grid\">\n                                                <div class=\"katalog-item wow animate__fadeInUp\" data-wow-delay=\"0.2s\">\n                       \n                        \n                                                <div class=\"katalog-image-container\">\n                            <img decoding=\"async\" src=\"https:\/\/keypenk.bootests.com\/wp-content\/uploads\/Image-8.png\" alt=\"\" class=\"katalog-image\">\n                        <\/div>\n                        \n\n                        <div class=\"katalog-content\">\n                                                            <h3 class=\"katalog-title\">Syst\u00e8mes de Portes Automatiques et Rideaux M\u00e9talliques Industriels<\/h3>\n                                                        \n                                                        <a href=\"\/pdf\/Otomatik-Kapi-Endustriyel-Kepenk-Sistemleri.pdf\" target=\"_blank\">\n                                <p class=\"katalog-button\">T\u00e9l\u00e9charger<img decoding=\"async\" src=\"\/wp-content\/uploads\/download-icon.png\" class=\"katalog-icon\" style=\" margin-left: 18px; \"><\/p>\n                            <\/a>\n                                                        <\/div>\n                    <\/div>\n                                    <div class=\"katalog-item wow animate__fadeInUp\" data-wow-delay=\"0.3s\">\n                       \n                        \n                                                <div class=\"katalog-image-container\">\n                            <img decoding=\"async\" src=\"https:\/\/keypenk.bootests.com\/wp-content\/uploads\/Catalog-image-1.png\" alt=\"\" class=\"katalog-image\">\n                        <\/div>\n                        \n\n                        <div class=\"katalog-content\">\n                                                            <h3 class=\"katalog-title\">Syst\u00e8mes de Portes Coulissantes Lat\u00e9rales<\/h3>\n                                                        \n                                                        <a href=\"\/pdf\/Yana-Toplanir-Kapi-Sistemleri.pdf\" target=\"_blank\">\n                                <p class=\"katalog-button\">T\u00e9l\u00e9charger<img decoding=\"async\" src=\"\/wp-content\/uploads\/download-icon.png\" class=\"katalog-icon\" style=\" margin-left: 18px; \"><\/p>\n                            <\/a>\n                                                        <\/div>\n                    <\/div>\n                                    <div class=\"katalog-item wow animate__fadeInUp\" data-wow-delay=\"0.4s\">\n                       \n                        \n                                                <div class=\"katalog-image-container\">\n                            <img decoding=\"async\" src=\"https:\/\/keypenk.bootests.com\/wp-content\/uploads\/Catalog-image.png\" alt=\"\" class=\"katalog-image\">\n                        <\/div>\n                        \n\n                        <div class=\"katalog-content\">\n                                                            <h3 class=\"katalog-title\">Rideau M\u00e9tallique Coupe-Feu<\/h3>\n                                                        \n                                                        <a href=\"\/pdf\/Yangina-Dayanikli-Kepenk.pdf\" target=\"_blank\">\n                                <p class=\"katalog-button\">T\u00e9l\u00e9charger<img decoding=\"async\" src=\"\/wp-content\/uploads\/download-icon.png\" class=\"katalog-icon\" style=\" margin-left: 18px; \"><\/p>\n                            <\/a>\n                                                        <\/div>\n                    <\/div>\n                                    <\/div>\n  \n<\/section>\n\n","protected":false},"excerpt":{"rendered":"","protected":false},"author":3,"featured_media":0,"parent":0,"menu_order":0,"comment_status":"closed","ping_status":"closed","template":"","meta":{"_acf_changed":false,"footnotes":""},"class_list":["post-2039","page","type-page","status-publish","hentry"],"acf":[],"yoast_head":"<!-- This site is optimized with the Yoast SEO plugin v27.1.1 - https:\/\/yoast.com\/product\/yoast-seo-wordpress\/ -->\n<title>Catalogue - Keypenk<\/title>\n<meta name=\"description\" content=\"Consultez le catalogue Keypenk pour d\u00e9couvrir rideaux m\u00e9talliques, portes industrielles et syst\u00e8mes de s\u00e9curit\u00e9.\" \/>\n<meta name=\"robots\" content=\"noindex, follow, max-snippet:-1, max-image-preview:large, max-video-preview:-1\" \/>\n<meta property=\"og:locale\" content=\"fr_FR\" \/>\n<meta property=\"og:type\" content=\"article\" \/>\n<meta property=\"og:title\" content=\"Catalogue - Keypenk\" \/>\n<meta property=\"og:description\" content=\"Consultez le catalogue Keypenk pour d\u00e9couvrir rideaux m\u00e9talliques, portes industrielles et syst\u00e8mes de s\u00e9curit\u00e9.\" \/>\n<meta property=\"og:url\" content=\"https:\/\/keypenk.bootests.com\/fr\/catalogue\/\" \/>\n<meta property=\"og:site_name\" content=\"Keypenk\" \/>\n<meta property=\"article:modified_time\" content=\"2026-03-11T08:22:29+00:00\" \/>\n<meta name=\"twitter:card\" content=\"summary_large_image\" \/>\n<script type=\"application\/ld+json\" class=\"yoast-schema-graph\">{\"@context\":\"https:\/\/schema.org\",\"@graph\":[{\"@type\":\"WebPage\",\"@id\":\"https:\/\/keypenk.bootests.com\/fr\/catalogue\/\",\"url\":\"https:\/\/keypenk.bootests.com\/fr\/catalogue\/\",\"name\":\"Catalogue - Keypenk\",\"isPartOf\":{\"@id\":\"https:\/\/keypenk.bootests.com\/fr\/#website\"},\"datePublished\":\"2025-09-11T09:21:09+00:00\",\"dateModified\":\"2026-03-11T08:22:29+00:00\",\"description\":\"Consultez le catalogue Keypenk pour d\u00e9couvrir rideaux m\u00e9talliques, portes industrielles et syst\u00e8mes de s\u00e9curit\u00e9.\",\"breadcrumb\":{\"@id\":\"https:\/\/keypenk.bootests.com\/fr\/catalogue\/#breadcrumb\"},\"inLanguage\":\"fr-FR\",\"potentialAction\":[{\"@type\":\"ReadAction\",\"target\":[\"https:\/\/keypenk.bootests.com\/fr\/catalogue\/\"]}]},{\"@type\":\"BreadcrumbList\",\"@id\":\"https:\/\/keypenk.bootests.com\/fr\/catalogue\/#breadcrumb\",\"itemListElement\":[{\"@type\":\"ListItem\",\"position\":1,\"name\":\"Anasayfa\",\"item\":\"https:\/\/keypenk.bootests.com\/fr\/\"},{\"@type\":\"ListItem\",\"position\":2,\"name\":\"Catalogue\"}]},{\"@type\":\"WebSite\",\"@id\":\"https:\/\/keypenk.bootests.com\/fr\/#website\",\"url\":\"https:\/\/keypenk.bootests.com\/fr\/\",\"name\":\"Keypenk\",\"description\":\"Otomatik Kap\u0131 Kepenk Sistemleri\",\"potentialAction\":[{\"@type\":\"SearchAction\",\"target\":{\"@type\":\"EntryPoint\",\"urlTemplate\":\"https:\/\/keypenk.bootests.com\/fr\/?s={search_term_string}\"},\"query-input\":{\"@type\":\"PropertyValueSpecification\",\"valueRequired\":true,\"valueName\":\"search_term_string\"}}],\"inLanguage\":\"fr-FR\"}]}<\/script>\n<!-- \/ Yoast SEO plugin. -->","yoast_head_json":{"title":"Catalogue - Keypenk","description":"Consultez le catalogue Keypenk pour d\u00e9couvrir rideaux m\u00e9talliques, portes industrielles et syst\u00e8mes de s\u00e9curit\u00e9.","robots":{"index":"noindex","follow":"follow","max-snippet":"max-snippet:-1","max-image-preview":"max-image-preview:large","max-video-preview":"max-video-preview:-1"},"og_locale":"fr_FR","og_type":"article","og_title":"Catalogue - Keypenk","og_description":"Consultez le catalogue Keypenk pour d\u00e9couvrir rideaux m\u00e9talliques, portes industrielles et syst\u00e8mes de s\u00e9curit\u00e9.","og_url":"https:\/\/keypenk.bootests.com\/fr\/catalogue\/","og_site_name":"Keypenk","article_modified_time":"2026-03-11T08:22:29+00:00","twitter_card":"summary_large_image","schema":{"@context":"https:\/\/schema.org","@graph":[{"@type":"WebPage","@id":"https:\/\/keypenk.bootests.com\/fr\/catalogue\/","url":"https:\/\/keypenk.bootests.com\/fr\/catalogue\/","name":"Catalogue - Keypenk","isPartOf":{"@id":"https:\/\/keypenk.bootests.com\/fr\/#website"},"datePublished":"2025-09-11T09:21:09+00:00","dateModified":"2026-03-11T08:22:29+00:00","description":"Consultez le catalogue Keypenk pour d\u00e9couvrir rideaux m\u00e9talliques, portes industrielles et syst\u00e8mes de s\u00e9curit\u00e9.","breadcrumb":{"@id":"https:\/\/keypenk.bootests.com\/fr\/catalogue\/#breadcrumb"},"inLanguage":"fr-FR","potentialAction":[{"@type":"ReadAction","target":["https:\/\/keypenk.bootests.com\/fr\/catalogue\/"]}]},{"@type":"BreadcrumbList","@id":"https:\/\/keypenk.bootests.com\/fr\/catalogue\/#breadcrumb","itemListElement":[{"@type":"ListItem","position":1,"name":"Anasayfa","item":"https:\/\/keypenk.bootests.com\/fr\/"},{"@type":"ListItem","position":2,"name":"Catalogue"}]},{"@type":"WebSite","@id":"https:\/\/keypenk.bootests.com\/fr\/#website","url":"https:\/\/keypenk.bootests.com\/fr\/","name":"Keypenk","description":"Otomatik Kap\u0131 Kepenk Sistemleri","potentialAction":[{"@type":"SearchAction","target":{"@type":"EntryPoint","urlTemplate":"https:\/\/keypenk.bootests.com\/fr\/?s={search_term_string}"},"query-input":{"@type":"PropertyValueSpecification","valueRequired":true,"valueName":"search_term_string"}}],"inLanguage":"fr-FR"}]}},"_links":{"self":[{"href":"https:\/\/keypenk.bootests.com\/fr\/wp-json\/wp\/v2\/pages\/2039","targetHints":{"allow":["GET"]}}],"collection":[{"href":"https:\/\/keypenk.bootests.com\/fr\/wp-json\/wp\/v2\/pages"}],"about":[{"href":"https:\/\/keypenk.bootests.com\/fr\/wp-json\/wp\/v2\/types\/page"}],"author":[{"embeddable":true,"href":"https:\/\/keypenk.bootests.com\/fr\/wp-json\/wp\/v2\/users\/3"}],"replies":[{"embeddable":true,"href":"https:\/\/keypenk.bootests.com\/fr\/wp-json\/wp\/v2\/comments?post=2039"}],"version-history":[{"count":4,"href":"https:\/\/keypenk.bootests.com\/fr\/wp-json\/wp\/v2\/pages\/2039\/revisions"}],"predecessor-version":[{"id":2419,"href":"https:\/\/keypenk.bootests.com\/fr\/wp-json\/wp\/v2\/pages\/2039\/revisions\/2419"}],"wp:attachment":[{"href":"https:\/\/keypenk.bootests.com\/fr\/wp-json\/wp\/v2\/media?parent=2039"}],"curies":[{"name":"wp","href":"https:\/\/api.w.org\/{rel}","templated":true}]}}